{"id":1455,"date":"2024-03-19T13:20:59","date_gmt":"2024-03-19T12:20:59","guid":{"rendered":"https:\/\/ehli-kebap.de\/?page_id=1455"},"modified":"2026-03-12T14:00:50","modified_gmt":"2026-03-12T13:00:50","slug":"impressum","status":"publish","type":"page","link":"https:\/\/ehli-kebap.de\/tr\/impressum\/","title":{"rendered":"Impressum"},"content":{"rendered":"<div data-elementor-type=\"wp-page\" data-elementor-id=\"1455\" class=\"elementor elementor-1455\" data-elementor-post-type=\"page\">\n\t\t\t\t<div class=\"elementor-element elementor-element-cb348b8 e-con-full e-flex e-con e-parent\" data-id=\"cb348b8\" data-element_type=\"container\" data-settings=\"{&quot;content_width&quot;:&quot;full&quot;}\" data-core-v316-plus=\"true\">\n\t\t\t\t<div class=\"elementor-element elementor-element-b25fac7 elementor-widget elementor-widget-spacer\" data-id=\"b25fac7\" data-element_type=\"widget\" data-widget_type=\"spacer.default\">\n\t\t\t\t<div class=\"elementor-widget-container\">\n\t\t\t<style>\/*! elementor - v3.19.0 - 28-02-2024 *\/\n.elementor-column .elementor-spacer-inner{height:var(--spacer-size)}.e-con{--container-widget-width:100%}.e-con-inner>.elementor-widget-spacer,.e-con>.elementor-widget-spacer{width:var(--container-widget-width,var(--spacer-size));--align-self:var(--container-widget-align-self,initial);--flex-shrink:0}.e-con-inner>.elementor-widget-spacer>.elementor-widget-container,.e-con>.elementor-widget-spacer>.elementor-widget-container{height:100%;width:100%}.e-con-inner>.elementor-widget-spacer>.elementor-widget-container>.elementor-spacer,.e-con>.elementor-widget-spacer>.elementor-widget-container>.elementor-spacer{height:100%}.e-con-inner>.elementor-widget-spacer>.elementor-widget-container>.elementor-spacer>.elementor-spacer-inner,.e-con>.elementor-widget-spacer>.elementor-widget-container>.elementor-spacer>.elementor-spacer-inner{height:var(--container-widget-height,var(--spacer-size))}.e-con-inner>.elementor-widget-spacer.elementor-widget-empty,.e-con>.elementor-widget-spacer.elementor-widget-empty{position:relative;min-height:22px;min-width:22px}.e-con-inner>.elementor-widget-spacer.elementor-widget-empty .elementor-widget-empty-icon,.e-con>.elementor-widget-spacer.elementor-widget-empty .elementor-widget-empty-icon{position:absolute;top:0;bottom:0;left:0;right:0;margin:auto;padding:0;width:22px;height:22px}<\/style>\t\t<div class=\"elementor-spacer\">\n\t\t\t<div class=\"elementor-spacer-inner\"><\/div>\n\t\t<\/div>\n\t\t\t\t<\/div>\n\t\t\t\t<\/div>\n\t\t\t\t<\/div>\n\t\t<div class=\"elementor-element elementor-element-79cbc22 e-flex e-con-boxed e-con e-parent\" data-id=\"79cbc22\" data-element_type=\"container\" data-settings=\"{&quot;content_width&quot;:&quot;boxed&quot;}\" data-core-v316-plus=\"true\">\n\t\t\t\t\t<div class=\"e-con-inner\">\n\t\t\t\t<div class=\"elementor-element elementor-element-c8b67cb elementor-widget elementor-widget-text-editor\" data-id=\"c8b67cb\" data-element_type=\"widget\" data-widget_type=\"text-editor.default\">\n\t\t\t\t<div class=\"elementor-widget-container\">\n\t\t\t<style>\/*! elementor - v3.19.0 - 28-02-2024 *\/\n.elementor-widget-text-editor.elementor-drop-cap-view-stacked .elementor-drop-cap{background-color:#69727d;color:#fff}.elementor-widget-text-editor.elementor-drop-cap-view-framed .elementor-drop-cap{color:#69727d;border:3px solid;background-color:transparent}.elementor-widget-text-editor:not(.elementor-drop-cap-view-default) .elementor-drop-cap{margin-top:8px}.elementor-widget-text-editor:not(.elementor-drop-cap-view-default) .elementor-drop-cap-letter{width:1em;height:1em}.elementor-widget-text-editor .elementor-drop-cap{float:left;text-align:center;line-height:1;font-size:50px}.elementor-widget-text-editor .elementor-drop-cap-letter{display:inline-block}<\/style>\t\t\t\t<h1>Impressum<\/h1>\n<h2 id=\"m46\">Diensteanbieter<\/h2>\n<p>Ramusan GmbH<\/p>\n<p>Gerichtstra\u00dfe 45 <\/p>\n<p>13347 Berlin<\/p>\n\n<h2 id=\"m56\">Kontaktm\u00f6glichkeiten<\/h2><p>E-Mail-Adresse: info@ehli-kebap.de<\/p>\n<p>Telefon: 030 98455364<\/p>\n<p>Kontaktformular: <a href=\"https:\/\/ehli-kebap.de\/tr\/#kontakt\" target=\"_blank\">https:\/\/ehli-kebap.de\/#kontakt<\/a><\/p>\n\n<h2 id=\"m153\">Vertretungsberechtigte Personen<\/h2><p>Vertretungsberechtigt: Emrullah Aktepe<\/p>\n\n<h2 id=\"m58\">Angaben zum Unternehmen<\/h2><p>Umsatzsteuer Identifikationsnummer (USt-ID): DE455974610<\/p>\n\n<h2 id=\"m151\">Register und Registernummer<\/h2><p>Handelsregister<\/p>\n<p>Gef\u00fchrt bei: Amtsgericht Charlottenburg (Berlin)<\/p>\n<p>Nummer: HRB 270959 B<\/p>\n\n<h2 id=\"m172\">Social Media und andere Onlinepr\u00e4senzen<\/h2><p>Dieses Impressum gilt auch f\u00fcr die folgenden Social-Media-Pr\u00e4senzen und Onlineprofile: <\/p>\n<p><a href=\"https:\/\/www.instagram.com\/ehlikebapberlin\/\" target=\"_blank\">https:\/\/www.instagram.com\/ehlikebapberlin\/<\/a><\/p>\n<p><a href=\"https:\/\/www.facebook.com\/ehlikebapberlin\" target=\"_blank\">https:\/\/www.facebook.com\/ehlikebapberlin<\/a><\/p>\n<p><a href=\"https:\/\/www.tiktok.com\/@ehlikebapberlin\" target=\"_blank\">https:\/\/www.tiktok.com\/@ehlikebapberlin<\/a><\/p>\n\n<h2 id=\"m65\">Haftungs- und Schutzrechtshinweise<\/h2><p>Haftungsausschluss: Die Inhalte dieses Onlineangebotes wurden sorgf\u00e4ltig und nach unserem aktuellen Kenntnisstand erstellt, dienen jedoch nur der Information und entfalten keine rechtlich bindende Wirkung, sofern es sich nicht um gesetzlich verpflichtende Informationen (z.\u00a0B. das Impressum, die Datenschutzerkl\u00e4rung, AGB oder verpflichtende Belehrungen von Verbrauchern) handelt. Wir behalten uns vor, die Inhalte vollst\u00e4ndig oder teilweise zu \u00e4ndern oder zu l\u00f6schen, soweit vertragliche Verpflichtungen unber\u00fchrt bleiben. Alle Angebote sind freibleibend und unverbindlich.<\/p>\n<p>Links auf fremde Webseiten: Die Inhalte fremder Webseiten, auf die wir direkt oder indirekt verweisen, liegen au\u00dferhalb unseres Verantwortungsbereiches und wir machen sie uns nicht zu Eigen. F\u00fcr alle Inhalte und Nachteile, die aus der Nutzung der in den verlinkten Webseiten aufrufbaren Informationen entstehen, \u00fcbernehmen wir keine Verantwortung.<\/p>\n<p>Urheberrechte und Markenrechte: Alle auf dieser Website dargestellten Inhalte, wie Texte, Fotografien, Grafiken, Marken und Warenzeichen sind durch die jeweiligen Schutzrechte (Urheberrechte, Markenrechte) gesch\u00fctzt. Die Verwendung, Vervielf\u00e4ltigung usw. unterliegen unseren Rechten oder den Rechten der jeweiligen Urheber bzw. Rechteinhaber.<\/p>\n<p>Hinweise auf Rechtsverst\u00f6\u00dfe: Sollten Sie innerhalb unseres Internetauftritts Rechtsverst\u00f6\u00dfe bemerken, bitten wir Sie uns auf diese hinzuweisen. Wir werden rechtswidrige Inhalte und Links nach Kenntnisnahme unverz\u00fcglich entfernen.<\/p>\n\n\t\t\t\t\t\t<\/div>\n\t\t\t\t<\/div>\n\t\t\t\t\t<\/div>\n\t\t\t\t<\/div>\n\t\t\t\t<\/div>","protected":false},"excerpt":{"rendered":"<p>Impressum Diensteanbieter Ramusan GmbH Gerichtstra\u00dfe 45 13347 Berlin Kontaktm\u00f6glichkeiten E-Mail-Adresse: info@ehli-kebap.de Telefon: 030 98455364 Kontaktformular: https:\/\/ehli-kebap.de\/#kontakt Vertretungsberechtigte Personen Vertretungsberechtigt: Emrullah Aktepe Angaben zum Unternehmen Umsatzsteuer Identifikationsnummer (USt-ID): DE455974610 Register und Registernummer Handelsregister Gef\u00fchrt bei: Amtsgericht Charlottenburg (Berlin) Nummer: HRB 270959 B Social Media und andere Onlinepr\u00e4senzen Dieses Impressum gilt auch f\u00fcr die folgenden Social-Media-Pr\u00e4senzen und [&hellip;]<\/p>","protected":false},"author":4,"featured_media":0,"parent":0,"menu_order":0,"comment_status":"closed","ping_status":"closed","template":"","meta":{"footnotes":""},"class_list":["post-1455","page","type-page","status-publish","hentry"],"yoast_head":"<!-- This site is optimized with the Yoast SEO plugin v22.2 - https:\/\/yoast.com\/wordpress\/plugins\/seo\/ -->\n<title>Impressum - Ehl-i Kebap<\/title>\n<meta name=\"robots\" content=\"index, follow, max-snippet:-1, max-image-preview:large, max-video-preview:-1\" \/>\n<link rel=\"canonical\" href=\"https:\/\/ehli-kebap.de\/tr\/impressum\/\" \/>\n<meta property=\"og:locale\" content=\"tr_TR\" \/>\n<meta property=\"og:type\" content=\"article\" \/>\n<meta property=\"og:title\" content=\"Impressum - Ehl-i Kebap\" \/>\n<meta property=\"og:description\" content=\"Impressum Diensteanbieter Ramusan GmbH Gerichtstra\u00dfe 45 13347 Berlin Kontaktm\u00f6glichkeiten E-Mail-Adresse: info@ehli-kebap.de Telefon: 030 98455364 Kontaktformular: https:\/\/ehli-kebap.de\/#kontakt Vertretungsberechtigte Personen Vertretungsberechtigt: Emrullah Aktepe Angaben zum Unternehmen Umsatzsteuer Identifikationsnummer (USt-ID): DE455974610 Register und Registernummer Handelsregister Gef\u00fchrt bei: Amtsgericht Charlottenburg (Berlin) Nummer: HRB 270959 B Social Media und andere Onlinepr\u00e4senzen Dieses Impressum gilt auch f\u00fcr die folgenden Social-Media-Pr\u00e4senzen und [&hellip;]\" \/>\n<meta property=\"og:url\" content=\"https:\/\/ehli-kebap.de\/tr\/impressum\/\" \/>\n<meta property=\"og:site_name\" content=\"Ehl-i Kebap\" \/>\n<meta property=\"article:modified_time\" content=\"2026-03-12T13:00:50+00:00\" \/>\n<meta name=\"twitter:card\" content=\"summary_large_image\" \/>\n<meta name=\"twitter:label1\" content=\"Tahmini okuma s\u00fcresi\" \/>\n\t<meta name=\"twitter:data1\" content=\"2 dakika\" \/>\n<script type=\"application\/ld+json\" class=\"yoast-schema-graph\">{\"@context\":\"https:\/\/schema.org\",\"@graph\":[{\"@type\":\"WebPage\",\"@id\":\"https:\/\/ehli-kebap.de\/impressum\/\",\"url\":\"https:\/\/ehli-kebap.de\/impressum\/\",\"name\":\"Impressum - Ehl-i Kebap\",\"isPartOf\":{\"@id\":\"https:\/\/ehli-kebap.de\/#website\"},\"datePublished\":\"2024-03-19T12:20:59+00:00\",\"dateModified\":\"2026-03-12T13:00:50+00:00\",\"breadcrumb\":{\"@id\":\"https:\/\/ehli-kebap.de\/impressum\/#breadcrumb\"},\"inLanguage\":\"tr\",\"potentialAction\":[{\"@type\":\"ReadAction\",\"target\":[\"https:\/\/ehli-kebap.de\/impressum\/\"]}]},{\"@type\":\"BreadcrumbList\",\"@id\":\"https:\/\/ehli-kebap.de\/impressum\/#breadcrumb\",\"itemListElement\":[{\"@type\":\"ListItem\",\"position\":1,\"name\":\"Home\",\"item\":\"https:\/\/ehli-kebap.de\/\"},{\"@type\":\"ListItem\",\"position\":2,\"name\":\"Impressum\"}]},{\"@type\":\"WebSite\",\"@id\":\"https:\/\/ehli-kebap.de\/#website\",\"url\":\"https:\/\/ehli-kebap.de\/\",\"name\":\"Ehl-i Kebap\",\"description\":\"\",\"potentialAction\":[{\"@type\":\"SearchAction\",\"target\":{\"@type\":\"EntryPoint\",\"urlTemplate\":\"https:\/\/ehli-kebap.de\/?s={search_term_string}\"},\"query-input\":\"required name=search_term_string\"}],\"inLanguage\":\"tr\"}]}<\/script>\n<!-- \/ Yoast SEO plugin. -->","yoast_head_json":{"title":"Impressum - Ehl-i Kebap","robots":{"index":"index","follow":"follow","max-snippet":"max-snippet:-1","max-image-preview":"max-image-preview:large","max-video-preview":"max-video-preview:-1"},"canonical":"https:\/\/ehli-kebap.de\/tr\/impressum\/","og_locale":"tr_TR","og_type":"article","og_title":"Impressum - Ehl-i Kebap","og_description":"Impressum Diensteanbieter Ramusan GmbH Gerichtstra\u00dfe 45 13347 Berlin Kontaktm\u00f6glichkeiten E-Mail-Adresse: info@ehli-kebap.de Telefon: 030 98455364 Kontaktformular: https:\/\/ehli-kebap.de\/#kontakt Vertretungsberechtigte Personen Vertretungsberechtigt: Emrullah Aktepe Angaben zum Unternehmen Umsatzsteuer Identifikationsnummer (USt-ID): DE455974610 Register und Registernummer Handelsregister Gef\u00fchrt bei: Amtsgericht Charlottenburg (Berlin) Nummer: HRB 270959 B Social Media und andere Onlinepr\u00e4senzen Dieses Impressum gilt auch f\u00fcr die folgenden Social-Media-Pr\u00e4senzen und [&hellip;]","og_url":"https:\/\/ehli-kebap.de\/tr\/impressum\/","og_site_name":"Ehl-i Kebap","article_modified_time":"2026-03-12T13:00:50+00:00","twitter_card":"summary_large_image","twitter_misc":{"Tahmini okuma s\u00fcresi":"2 dakika"},"schema":{"@context":"https:\/\/schema.org","@graph":[{"@type":"WebPage","@id":"https:\/\/ehli-kebap.de\/impressum\/","url":"https:\/\/ehli-kebap.de\/impressum\/","name":"Impressum - Ehl-i Kebap","isPartOf":{"@id":"https:\/\/ehli-kebap.de\/#website"},"datePublished":"2024-03-19T12:20:59+00:00","dateModified":"2026-03-12T13:00:50+00:00","breadcrumb":{"@id":"https:\/\/ehli-kebap.de\/impressum\/#breadcrumb"},"inLanguage":"tr","potentialAction":[{"@type":"ReadAction","target":["https:\/\/ehli-kebap.de\/impressum\/"]}]},{"@type":"BreadcrumbList","@id":"https:\/\/ehli-kebap.de\/impressum\/#breadcrumb","itemListElement":[{"@type":"ListItem","position":1,"name":"Home","item":"https:\/\/ehli-kebap.de\/"},{"@type":"ListItem","position":2,"name":"Impressum"}]},{"@type":"WebSite","@id":"https:\/\/ehli-kebap.de\/#website","url":"https:\/\/ehli-kebap.de\/","name":"Ehl-i Kebap","description":"","potentialAction":[{"@type":"SearchAction","target":{"@type":"EntryPoint","urlTemplate":"https:\/\/ehli-kebap.de\/?s={search_term_string}"},"query-input":"required name=search_term_string"}],"inLanguage":"tr"}]}},"_links":{"self":[{"href":"https:\/\/ehli-kebap.de\/tr\/wp-json\/wp\/v2\/pages\/1455","targetHints":{"allow":["GET"]}}],"collection":[{"href":"https:\/\/ehli-kebap.de\/tr\/wp-json\/wp\/v2\/pages"}],"about":[{"href":"https:\/\/ehli-kebap.de\/tr\/wp-json\/wp\/v2\/types\/page"}],"author":[{"embeddable":true,"href":"https:\/\/ehli-kebap.de\/tr\/wp-json\/wp\/v2\/users\/4"}],"replies":[{"embeddable":true,"href":"https:\/\/ehli-kebap.de\/tr\/wp-json\/wp\/v2\/comments?post=1455"}],"version-history":[{"count":31,"href":"https:\/\/ehli-kebap.de\/tr\/wp-json\/wp\/v2\/pages\/1455\/revisions"}],"predecessor-version":[{"id":2194,"href":"https:\/\/ehli-kebap.de\/tr\/wp-json\/wp\/v2\/pages\/1455\/revisions\/2194"}],"wp:attachment":[{"href":"https:\/\/ehli-kebap.de\/tr\/wp-json\/wp\/v2\/media?parent=1455"}],"curies":[{"name":"wp","href":"https:\/\/api.w.org\/{rel}","templated":true}]}}